{"id":301,"date":"2022-03-25T12:03:45","date_gmt":"2022-03-25T15:03:45","guid":{"rendered":"https:\/\/www.reportmedia.info\/index.php\/about\/"},"modified":"2025-07-15T17:33:22","modified_gmt":"2025-07-15T20:33:22","slug":"home","status":"publish","type":"page","link":"https:\/\/www.reportmedia.info\/","title":{"rendered":"Inicio"},"content":{"rendered":"\n\n\n<h3>R\u00e8porT Travel Media<\/h3>\n<p> Somos especialistas en la industria tur\u00edstica. Con m\u00e1s de 40 a\u00f1os en el\n mercado latinoamericano, nuestras marcas son reconocidas por su \ntrayectoria en medios gr\u00e1ficos y digitales dirigidos tanto a los \nprofesionales del sector como al viajero. Nuestras publicaciones se han \ntransformado en herramientas indispensables para la industria de los \nviajes y a trav\u00e9s de ellas, ofrecemos soluciones a los anunciantes para \nllegar de la forma m\u00e1s r\u00e1pida y efectiva a sus clientes.<\/p>\n\n\nUn newsletter con noticias de la&nbsp;industria, din\u00e1mico con actualizaciones\n de noticias, alertas , informaci\u00f3n pr\u00e1ctica&nbsp;y \u00fatil para el profesional.<div><br><\/div>\n\n\nR\u00e8port<span style=\"padding: 0px; margin: 0px; overflow-wrap: break-word; font-family: Roboto;\">&nbsp;es el&nbsp;<\/span><span style=\"padding: 0px; margin: 0px; overflow-wrap: break-word; font-family: Roboto; font-weight: 700;\">e-magazine<\/span><span style=\"padding: 0px; margin: 0px; overflow-wrap: break-word; font-family: Roboto;\">&nbsp;l\u00edder de la industria de viajes en \nArgentina, publicado dos veces al mes, llega a agencias de viajes, tour \noperadores, planificadores de reuniones y otras empresas relacionadas.<\/span><div><span style=\"padding: 0px; margin: 0px; overflow-wrap: break-word; font-family: Roboto;\"><br><\/span><\/div>\n\n\n\n\nEl newsletter de los viajeros. Dirigido a consumidores de ingresos medios y altos, viajeros frecuentes, ejecutivos corporativos. Con noticias, ofertas, recomendaciones y gu\u00edas para el viajero argentino.<div><br><\/div>\nCreado para brindar al sector, un newsletter&nbsp;con toda la informaci\u00f3n y \noferta de productos, tanto nacionales como internacionales, actividad \npol\u00edtica y econ\u00f3mica del mercado.<br><br>\n\n\nPublicaci\u00f3n dirigida al segmento&nbsp;B2C colombiano de consumidores de \nviajes y turismo con recomendaciones, noticias y ofertas para el \nviajero.<br><br>\nL\u00edder de la industria de viajes en Colombia<span style=\"font-weight: 700; padding: 0px; margin: 0px; overflow-wrap: break-word; font-family: Roboto;\">, R\u00e8port Colombia<\/span><span style=\"font-weight: 400; padding: 0px; margin: 0px; overflow-wrap: break-word; font-family: Roboto;\">&nbsp;es un&nbsp;<\/span><span style=\"font-weight: 700; padding: 0px; margin: 0px; overflow-wrap: break-word; font-family: Roboto;\">e-magazine&nbsp;<\/span><span style=\"font-family: Roboto;\">publicado dos veces al mes que&nbsp;brinda toda la informaci\u00f3n y noticias sobre&nbsp;actividad pol\u00edtica y econ\u00f3mica de la industria.<\/span><div><span style=\"font-family: Roboto;\"><br><\/span><\/div><div><span style=\"font-family: Roboto;\"><br><\/span><\/div>\n\n\n\n\nNoticias B2B para el profesional de Latinoam\u00e9rica. Un newsletter \ndin\u00e1mico con actualizaciones de noticias, alertas, informaci\u00f3n pr\u00e1ctica y\n \u00fatil con llegada pan-regional.<div><br><\/div><div><br><\/div>\n\n\nR\u00e8port<span style=\"padding: 0px; margin: 0px; overflow-wrap: break-word; font-family: Roboto;\">&nbsp;es el \u00fanico&nbsp;<\/span><span style=\"padding: 0px; margin: 0px; overflow-wrap: break-word; font-family: Roboto; font-weight: 700;\">e-magazine<\/span><span style=\"padding: 0px; margin: 0px; overflow-wrap: break-word; font-family: Roboto;\">&nbsp;<\/span><span style=\"font-family: Roboto;\">mensual&nbsp;Pan-Regional que se publica en espa\u00f1ol y portug\u00e9s y llega al trade en 21 pa\u00edses de Am\u00e9rica Latina.<br><\/span><div><span style=\"font-family: Roboto;\"><br><\/span><\/div>\n\n\n\n\nNewsletter dirigido a la industria de los viajes en M\u00e9xico. Un producto \npara el profesional con informaci\u00f3n actualizada, noticias destacadas&nbsp;&nbsp;y \ntoda la actualidad.\n\n\n<span style=\"font-weight: 700; padding: 0px; margin: 0px; overflow-wrap: break-word;\">R\u00e8port M\u00e9xico<\/span><span style=\"padding: 0px; margin: 0px; overflow-wrap: break-word;\">&nbsp;es un&nbsp;<\/span><span style=\"font-weight: 700; padding: 0px; margin: 0px; overflow-wrap: break-word;\">e-magazine&nbsp;<\/span>publicado una vez al mes, que&nbsp;brinda toda la informaci\u00f3n y noticias sobre&nbsp;actividad pol\u00edtica y econ\u00f3mica de la industria.\n\n\n\n\n\n\n<h3>Suscr\u00edbase a nuestros medios<\/h3>\n<p style=\"text-align: center; \">Reciba&nbsp;nuestros newsletters con toda la informaci\u00f3n del mercado.<\/p>\n\n\n\n\n\n\n\n\n","protected":false},"excerpt":{"rendered":"","protected":false},"author":1,"featured_media":0,"parent":0,"menu_order":0,"comment_status":"closed","ping_status":"closed","template":"","meta":{"_vp_format_video_url":"","_vp_image_focal_point":[],"footnotes":""},"class_list":["post-301","page","type-page","status-publish","hentry"],"_links":{"self":[{"href":"https:\/\/www.reportmedia.info\/index.php\/wp-json\/wp\/v2\/pages\/301","targetHints":{"allow":["GET"]}}],"collection":[{"href":"https:\/\/www.reportmedia.info\/index.php\/wp-json\/wp\/v2\/pages"}],"about":[{"href":"https:\/\/www.reportmedia.info\/index.php\/wp-json\/wp\/v2\/types\/page"}],"author":[{"embeddable":true,"href":"https:\/\/www.reportmedia.info\/index.php\/wp-json\/wp\/v2\/users\/1"}],"replies":[{"embeddable":true,"href":"https:\/\/www.reportmedia.info\/index.php\/wp-json\/wp\/v2\/comments?post=301"}],"version-history":[{"count":61,"href":"https:\/\/www.reportmedia.info\/index.php\/wp-json\/wp\/v2\/pages\/301\/revisions"}],"predecessor-version":[{"id":972,"href":"https:\/\/www.reportmedia.info\/index.php\/wp-json\/wp\/v2\/pages\/301\/revisions\/972"}],"wp:attachment":[{"href":"https:\/\/www.reportmedia.info\/index.php\/wp-json\/wp\/v2\/media?parent=301"}],"curies":[{"name":"wp","href":"https:\/\/api.w.org\/{rel}","templated":true}]}}