{"id":367,"date":"2022-03-28T12:33:03","date_gmt":"2022-03-28T15:33:03","guid":{"rendered":"https:\/\/www.reportmedia.info\/index.php\/about\/"},"modified":"2023-08-31T17:41:24","modified_gmt":"2023-08-31T20:41:24","slug":"report-americas","status":"publish","type":"page","link":"https:\/\/www.reportmedia.info\/index.php\/home\/emag\/report-argentina\/report-americas\/","title":{"rendered":"Report Am\u00e9ricas"},"content":{"rendered":"\n\n\n\n\n<h2>E-MAGAZINE<\/h2>\n\n\n\n<h4>r\u00c8port AMERICAS<\/h4>\n<p><strong>R\u00e8port Am\u00e9ricas<\/strong> es el \u00fanico e-magazine mensual a Pan-Regional que se publica en espa\u00f1ol y portug\u00e9s y llega al trade en 21 pa\u00edses de Am\u00e9rica Latina. La publicaci\u00f3n ofrece al comprador latinoamericano y a las empresas relacionadas con viajes un producto que proporciona programas editoriales espec\u00edficos para mostrar y respaldar los esfuerzos de ventas y marketing del proveedor. Una inversi\u00f3n eficiente para que los anunciantes lleguen y vendan en 21 pa\u00edses. La publicaci\u00f3n presenta noticias de viajes internacionales, incluidos temas regionales, entrevistas, tendencias, promociones especiales y una amplia cobertura de ferias y eventos de viajes.<br><\/p>\n<p><strong>Frecuencia: <\/strong>mensual<\/p><p><strong>Formato: <\/strong>e-emagazine<\/p><p><strong>Mercado: <\/strong>B2B &#8220;Pan Regional LATAM&#8221;<\/p><p><strong>Alcance: <\/strong>136.066<span style=\"white-space: pre;\">\t<\/span><\/p>\n\n\n\n\nn\n\n\n\n\n\n","protected":false},"excerpt":{"rendered":"","protected":false},"author":1,"featured_media":0,"parent":163,"menu_order":0,"comment_status":"closed","ping_status":"closed","template":"","meta":{"_vp_format_video_url":"","_vp_image_focal_point":[],"footnotes":""},"class_list":["post-367","page","type-page","status-publish","hentry"],"_links":{"self":[{"href":"https:\/\/www.reportmedia.info\/index.php\/wp-json\/wp\/v2\/pages\/367","targetHints":{"allow":["GET"]}}],"collection":[{"href":"https:\/\/www.reportmedia.info\/index.php\/wp-json\/wp\/v2\/pages"}],"about":[{"href":"https:\/\/www.reportmedia.info\/index.php\/wp-json\/wp\/v2\/types\/page"}],"author":[{"embeddable":true,"href":"https:\/\/www.reportmedia.info\/index.php\/wp-json\/wp\/v2\/users\/1"}],"replies":[{"embeddable":true,"href":"https:\/\/www.reportmedia.info\/index.php\/wp-json\/wp\/v2\/comments?post=367"}],"version-history":[{"count":13,"href":"https:\/\/www.reportmedia.info\/index.php\/wp-json\/wp\/v2\/pages\/367\/revisions"}],"predecessor-version":[{"id":922,"href":"https:\/\/www.reportmedia.info\/index.php\/wp-json\/wp\/v2\/pages\/367\/revisions\/922"}],"up":[{"embeddable":true,"href":"https:\/\/www.reportmedia.info\/index.php\/wp-json\/wp\/v2\/pages\/163"}],"wp:attachment":[{"href":"https:\/\/www.reportmedia.info\/index.php\/wp-json\/wp\/v2\/media?parent=367"}],"curies":[{"name":"wp","href":"https:\/\/api.w.org\/{rel}","templated":true}]}}