{"id":468,"date":"2022-03-30T17:14:02","date_gmt":"2022-03-30T20:14:02","guid":{"rendered":"https:\/\/www.reportmedia.info\/index.php\/about\/"},"modified":"2023-05-12T12:55:56","modified_gmt":"2023-05-12T15:55:56","slug":"buenos-viajes-portal-colombia","status":"publish","type":"page","link":"https:\/\/www.reportmedia.info\/index.php\/home\/buenosviajes-b2c\/buenos-viajes-portal-colombia\/","title":{"rendered":"Buenos Viajes Portal COLOMBIA"},"content":{"rendered":"\n\n\n\n\n<h2>www.BUENOSVIAJES.COM<\/h2>\n\n\n\n<h4>BUENOS VIAJES PORTAL<br>COLOMBIA<\/h4>\n<p>Un portal de viajes muy din\u00e1mico, <strong>www.buenosviajescolombia.com<\/strong>, con<\/p><p>actualizaciones de noticias, alertas de ofertas, informaci\u00f3n pr\u00e1ctica y \u00fatil para<\/p><p>el viajero colombiano.<\/p>\n<p><strong>Idioma:<\/strong> Espa\u00f1ol<\/p><p><strong>Mercado: <\/strong>Colombia<\/p><p><strong>Target:&nbsp;<\/strong>&nbsp;Consumidores de ingresos medios y altos, viajeros frecuentes, ejecutivos corporativos.<\/p><p><span style=\"font-weight: 700;\">Cantidad de visitas:<\/span><strong>&nbsp;<\/strong>694.201 mensuales<\/p>\n\n<h4>EPECIFICACIONES<br><p style=\"letter-spacing: normal; text-transform: none;\"><span style=\"font-weight: 700;\">Formato:&nbsp;<\/span>GIF, GIF animado o JPG<\/p><\/h4>\n\n<table>\n  <tbody>\n    <tr>\n      <td width=\"100\">&nbsp;<\/td>\n      <td width=\"16\">&nbsp;<\/td>\n      <td width=\"82\"><strong>Pixels <\/strong><\/td>\n      <td width=\"13\">&nbsp;<\/td>\n      <td width=\"108\"><strong>Peso m\u00e1ximo<\/strong><\/td>\n    <\/tr>\n    <tr>\n      <td><strong>Cabezal <\/strong><\/td>\n      <td>&nbsp;<\/td>\n      <td>560 x 84 px<\/td>\n      <td>&nbsp;<\/td>\n      <td>100 kb <\/td>\n    <\/tr>\n    <tr>\n      <td><strong>Banner simple <\/strong><\/td>\n      <td>&nbsp;<\/td>\n      <td>280 x 180 px<\/td>\n      <td>&nbsp;<\/td>\n      <td>150 kb<\/td>\n    <\/tr>\n    <tr>\n      <td><strong>Banner doble <\/strong><\/td>\n      <td>&nbsp;<\/td>\n      <td>280 x 280 px<\/td>\n      <td>&nbsp;<\/td>\n      <td>200 kb<\/td>\n    <\/tr>\n    <tr>\n      <td><strong>Banner triple <\/strong><\/td>\n      <td>&nbsp;<\/td>\n      <td>280 x 380 px<\/td>\n      <td>&nbsp;<\/td>\n      <td>250 kb<\/td>\n    <\/tr>\n  <\/tbody>\n<\/table>\n\n\n\nn\n\n\n\n\n\n","protected":false},"excerpt":{"rendered":"","protected":false},"author":1,"featured_media":0,"parent":477,"menu_order":0,"comment_status":"closed","ping_status":"closed","template":"","meta":{"_vp_format_video_url":"","_vp_image_focal_point":[],"footnotes":""},"class_list":["post-468","page","type-page","status-publish","hentry"],"_links":{"self":[{"href":"https:\/\/www.reportmedia.info\/index.php\/wp-json\/wp\/v2\/pages\/468","targetHints":{"allow":["GET"]}}],"collection":[{"href":"https:\/\/www.reportmedia.info\/index.php\/wp-json\/wp\/v2\/pages"}],"about":[{"href":"https:\/\/www.reportmedia.info\/index.php\/wp-json\/wp\/v2\/types\/page"}],"author":[{"embeddable":true,"href":"https:\/\/www.reportmedia.info\/index.php\/wp-json\/wp\/v2\/users\/1"}],"replies":[{"embeddable":true,"href":"https:\/\/www.reportmedia.info\/index.php\/wp-json\/wp\/v2\/comments?post=468"}],"version-history":[{"count":6,"href":"https:\/\/www.reportmedia.info\/index.php\/wp-json\/wp\/v2\/pages\/468\/revisions"}],"predecessor-version":[{"id":910,"href":"https:\/\/www.reportmedia.info\/index.php\/wp-json\/wp\/v2\/pages\/468\/revisions\/910"}],"up":[{"embeddable":true,"href":"https:\/\/www.reportmedia.info\/index.php\/wp-json\/wp\/v2\/pages\/477"}],"wp:attachment":[{"href":"https:\/\/www.reportmedia.info\/index.php\/wp-json\/wp\/v2\/media?parent=468"}],"curies":[{"name":"wp","href":"https:\/\/api.w.org\/{rel}","templated":true}]}}