{"id":635,"date":"2022-04-08T12:25:27","date_gmt":"2022-04-08T15:25:27","guid":{"rendered":"https:\/\/www.reportmedia.info\/index.php\/about\/"},"modified":"2023-05-12T13:05:28","modified_gmt":"2023-05-12T16:05:28","slug":"report-news-portal-mexico","status":"publish","type":"page","link":"https:\/\/www.reportmedia.info\/index.php\/home\/report-news-portal\/report-news-portal-mexico\/","title":{"rendered":"Report NEWS Portal MEXICO"},"content":{"rendered":"\n\n\n\n<h2>mexico.reportnews.lA<\/h2>\n\n\n<h4>r\u00c8port NEWS PORTAL<br>MEXICO<\/h4>\n<p>Un <strong>portal de viajes<\/strong> muy din\u00e1mico, <strong>www.mexico.reportnews.la<\/strong>, con actualizaciones de noticias, alertas de ofertas, informaci\u00f3n pr\u00e1ctica y \u00fatil para el viajero latinoamericano profesional.<br><\/p>\n\n<p><strong>Idioma:<\/strong> Espa\u00f1ol<\/p><p><strong>Mercado: <\/strong>B2B<\/p><p><strong>Target: <\/strong>Agencias de viajes, operadores tur\u00edsticos, planificadores de reuniones, cuentas corporativas.<\/p><p><strong>Page Views: <\/strong>&nbsp;mensuales<\/p>\n\n\n<h4>EPECIFICACIONES<br><p style=\"letter-spacing: normal; text-transform: none;\"><span style=\"font-weight: 700;\">Formato:&nbsp;<\/span>GIF, GIF animado o JPG<\/p><\/h4>\n\n<table>\n  <tbody>\n    <tr>\n      <td width=\"187\">&nbsp;<\/td>\n      <td width=\"10\">&nbsp;<\/td>\n      <td width=\"82\"><strong>Pixels <\/strong><\/td>\n      <td width=\"13\">&nbsp;<\/td>\n      <td width=\"108\"><strong>Peso m\u00e1ximo<\/strong><\/td>\n    <\/tr>\n    <tr>\n      <td><strong>Cabezal <\/strong><\/td>\n      <td>&nbsp;<\/td>\n      <td>540 x 125 px<\/td>\n      <td>&nbsp;<\/td>\n      <td> 82 kb<\/td>\n    <\/tr>\n    <tr>\n      <td><strong>Sub cabezal <\/strong><\/td>\n      <td>&nbsp;<\/td>\n      <td>645 x 150 px<\/td>\n      <td>&nbsp;<\/td>\n      <td>120 kb<\/td>\n    <\/tr>\n    <tr>\n      <td><strong>Sub cabezal derecho <\/strong><\/td>\n      <td>&nbsp;<\/td>\n      <td>225 x 150 px<\/td>\n      <td>&nbsp;<\/td>\n      <td>40 kb<\/td>\n    <\/tr>\n    <tr>\n      <td><strong>Banner simple derecho<\/strong><\/td>\n      <td>&nbsp;<\/td>\n      <td> 225 x 75 px<\/td>\n      <td>&nbsp;<\/td>\n      <td>18 kb<\/td>\n    <\/tr>\n    <tr>\n      <td><strong>Banner doble derecho<\/strong><\/td>\n      <td>&nbsp;<\/td>\n      <td>225 x 150 px<\/td>\n      <td>&nbsp;<\/td>\n      <td>36 kb<\/td>\n    <\/tr>\n    <tr>\n      <td><strong>Banner triple derecho <\/strong><\/td>\n      <td>&nbsp;<\/td>\n      <td>225 x 225 px<\/td>\n      <td>&nbsp;<\/td>\n      <td> 54 kb<\/td>\n    <\/tr>\n    <tr>\n      <td><strong>Banner central entre notas<\/strong><\/td>\n      <td>&nbsp;<\/td>\n      <td>645 x 75 px<\/td>\n      <td>&nbsp;<\/td>\n      <td> 40 kb<\/td>\n    <\/tr>\n    <tr>\n      <td><strong>Pie<\/strong><\/td>\n      <td>&nbsp;<\/td>\n      <td>900 x 150 px<\/td>\n      <td>&nbsp;<\/td>\n      <td>168 kb<\/td>\n    <\/tr>\n  <\/tbody>\n<\/table>\n\n<p><br><\/p>\n\n\n\n\n\n\n\n\n","protected":false},"excerpt":{"rendered":"","protected":false},"author":1,"featured_media":0,"parent":429,"menu_order":0,"comment_status":"closed","ping_status":"closed","template":"","meta":{"_vp_format_video_url":"","_vp_image_focal_point":[],"footnotes":""},"class_list":["post-635","page","type-page","status-publish","hentry"],"_links":{"self":[{"href":"https:\/\/www.reportmedia.info\/index.php\/wp-json\/wp\/v2\/pages\/635","targetHints":{"allow":["GET"]}}],"collection":[{"href":"https:\/\/www.reportmedia.info\/index.php\/wp-json\/wp\/v2\/pages"}],"about":[{"href":"https:\/\/www.reportmedia.info\/index.php\/wp-json\/wp\/v2\/types\/page"}],"author":[{"embeddable":true,"href":"https:\/\/www.reportmedia.info\/index.php\/wp-json\/wp\/v2\/users\/1"}],"replies":[{"embeddable":true,"href":"https:\/\/www.reportmedia.info\/index.php\/wp-json\/wp\/v2\/comments?post=635"}],"version-history":[{"count":7,"href":"https:\/\/www.reportmedia.info\/index.php\/wp-json\/wp\/v2\/pages\/635\/revisions"}],"predecessor-version":[{"id":914,"href":"https:\/\/www.reportmedia.info\/index.php\/wp-json\/wp\/v2\/pages\/635\/revisions\/914"}],"up":[{"embeddable":true,"href":"https:\/\/www.reportmedia.info\/index.php\/wp-json\/wp\/v2\/pages\/429"}],"wp:attachment":[{"href":"https:\/\/www.reportmedia.info\/index.php\/wp-json\/wp\/v2\/media?parent=635"}],"curies":[{"name":"wp","href":"https:\/\/api.w.org\/{rel}","templated":true}]}}