{"id":939,"date":"2024-05-14T15:14:45","date_gmt":"2024-05-14T18:14:45","guid":{"rendered":"https:\/\/www.reportmedia.info\/index.php\/about\/"},"modified":"2025-06-10T14:42:31","modified_gmt":"2025-06-10T17:42:31","slug":"report-mexico","status":"publish","type":"page","link":"https:\/\/www.reportmedia.info\/index.php\/home\/emag\/report-argentina\/report-mexico\/","title":{"rendered":"Report M\u00e9xico"},"content":{"rendered":"\n\n\n<h2>E-MAGAZINE<\/h2>\n\n\n<h4>r\u00c8port M\u00e9xico<\/h4>\n<p><span style=\"font-weight: 700;\">R\u00e8port M\u00e9xico llega mensualmente a agencias de viajes, tour operadores, planificadores de reuniones y otras empresas relacionadas con los viajes proporcionando la cobertura m\u00e1s actualizada de noticias de la industria con an\u00e1lisis, debates, entrevistas y un resumen de los eventos sociales, actividad pol\u00edtica&nbsp;y econ\u00f3mica del mercado.<\/span><\/p>\n<p><strong>Frecuencia<\/strong>: Mensual<\/p><p><strong>Formato<\/strong>: e-emagazine<\/p><p><strong>Mercado<\/strong>: B2B<\/p><p><strong>Alcance<\/strong>: 43.960<\/p>\n\n\n\nn\n\n\n\n\n","protected":false},"excerpt":{"rendered":"","protected":false},"author":1,"featured_media":0,"parent":163,"menu_order":0,"comment_status":"closed","ping_status":"closed","template":"","meta":{"_vp_format_video_url":"","_vp_image_focal_point":[],"footnotes":""},"class_list":["post-939","page","type-page","status-publish","hentry"],"_links":{"self":[{"href":"https:\/\/www.reportmedia.info\/index.php\/wp-json\/wp\/v2\/pages\/939","targetHints":{"allow":["GET"]}}],"collection":[{"href":"https:\/\/www.reportmedia.info\/index.php\/wp-json\/wp\/v2\/pages"}],"about":[{"href":"https:\/\/www.reportmedia.info\/index.php\/wp-json\/wp\/v2\/types\/page"}],"author":[{"embeddable":true,"href":"https:\/\/www.reportmedia.info\/index.php\/wp-json\/wp\/v2\/users\/1"}],"replies":[{"embeddable":true,"href":"https:\/\/www.reportmedia.info\/index.php\/wp-json\/wp\/v2\/comments?post=939"}],"version-history":[{"count":7,"href":"https:\/\/www.reportmedia.info\/index.php\/wp-json\/wp\/v2\/pages\/939\/revisions"}],"predecessor-version":[{"id":960,"href":"https:\/\/www.reportmedia.info\/index.php\/wp-json\/wp\/v2\/pages\/939\/revisions\/960"}],"up":[{"embeddable":true,"href":"https:\/\/www.reportmedia.info\/index.php\/wp-json\/wp\/v2\/pages\/163"}],"wp:attachment":[{"href":"https:\/\/www.reportmedia.info\/index.php\/wp-json\/wp\/v2\/media?parent=939"}],"curies":[{"name":"wp","href":"https:\/\/api.w.org\/{rel}","templated":true}]}}